{"id":411,"date":"2022-07-27T11:00:49","date_gmt":"2022-07-27T09:00:49","guid":{"rendered":"https:\/\/www.suedseequartier.de\/cz\/?page_id=411"},"modified":"2022-07-27T11:00:57","modified_gmt":"2022-07-27T09:00:57","slug":"byty","status":"publish","type":"page","link":"https:\/\/www.suedseequartier.de\/cz\/byty\/","title":{"rendered":"Byty"},"content":{"rendered":"","protected":false},"excerpt":{"rendered":"","protected":false},"author":3,"featured_media":0,"parent":0,"menu_order":0,"comment_status":"closed","ping_status":"closed","template":"","meta":[],"yoast_head":"<!-- This site is optimized with the Yoast SEO plugin v18.1 - https:\/\/yoast.com\/wordpress\/plugins\/seo\/ -->\n<title>Byty - S\u00fcdsee-Quartier<\/title>\n<meta name=\"robots\" content=\"noindex, follow, max-snippet:-1, max-image-preview:large, max-video-preview:-1\" \/>\n<meta property=\"og:locale\" content=\"cs_CZ\" \/>\n<meta property=\"og:type\" content=\"article\" \/>\n<meta property=\"og:title\" content=\"Byty - S\u00fcdsee-Quartier\" \/>\n<meta property=\"og:url\" content=\"https:\/\/www.suedseequartier.de\/cz\/byty\/\" \/>\n<meta property=\"og:site_name\" content=\"S\u00fcdsee-Quartier\" \/>\n<meta property=\"article:modified_time\" content=\"2022-07-27T09:00:57+00:00\" \/>\n<meta name=\"twitter:card\" content=\"summary_large_image\" \/>\n<script type=\"application\/ld+json\" class=\"yoast-schema-graph\">{\"@context\":\"https:\/\/schema.org\",\"@graph\":[{\"@type\":\"WebSite\",\"@id\":\"https:\/\/www.suedseequartier.de\/cz\/#website\",\"url\":\"https:\/\/www.suedseequartier.de\/cz\/\",\"name\":\"S\u00fcdsee-Quartier\",\"description\":\"Genie\u00dfen Sie ihre Urlaub in vollen Z\u00fcgen\",\"potentialAction\":[{\"@type\":\"SearchAction\",\"target\":{\"@type\":\"EntryPoint\",\"urlTemplate\":\"https:\/\/www.suedseequartier.de\/cz\/?s={search_term_string}\"},\"query-input\":\"required name=search_term_string\"}],\"inLanguage\":\"cs\"},{\"@type\":\"WebPage\",\"@id\":\"https:\/\/www.suedseequartier.de\/cz\/byty\/#webpage\",\"url\":\"https:\/\/www.suedseequartier.de\/cz\/byty\/\",\"name\":\"Byty - S\u00fcdsee-Quartier\",\"isPartOf\":{\"@id\":\"https:\/\/www.suedseequartier.de\/cz\/#website\"},\"datePublished\":\"2022-07-27T09:00:49+00:00\",\"dateModified\":\"2022-07-27T09:00:57+00:00\",\"breadcrumb\":{\"@id\":\"https:\/\/www.suedseequartier.de\/cz\/byty\/#breadcrumb\"},\"inLanguage\":\"cs\",\"potentialAction\":[{\"@type\":\"ReadAction\",\"target\":[\"https:\/\/www.suedseequartier.de\/cz\/byty\/\"]}]},{\"@type\":\"BreadcrumbList\",\"@id\":\"https:\/\/www.suedseequartier.de\/cz\/byty\/#breadcrumb\",\"itemListElement\":[{\"@type\":\"ListItem\",\"position\":1,\"name\":\"Startseite\",\"item\":\"https:\/\/www.suedseequartier.de\/cz\/\"},{\"@type\":\"ListItem\",\"position\":2,\"name\":\"Byty\"}]}]}<\/script>\n<!-- \/ Yoast SEO plugin. -->","yoast_head_json":{"title":"Byty - S\u00fcdsee-Quartier","robots":{"index":"noindex","follow":"follow","max-snippet":"max-snippet:-1","max-image-preview":"max-image-preview:large","max-video-preview":"max-video-preview:-1"},"og_locale":"cs_CZ","og_type":"article","og_title":"Byty - S\u00fcdsee-Quartier","og_url":"https:\/\/www.suedseequartier.de\/cz\/byty\/","og_site_name":"S\u00fcdsee-Quartier","article_modified_time":"2022-07-27T09:00:57+00:00","twitter_card":"summary_large_image","schema":{"@context":"https:\/\/schema.org","@graph":[{"@type":"WebSite","@id":"https:\/\/www.suedseequartier.de\/cz\/#website","url":"https:\/\/www.suedseequartier.de\/cz\/","name":"S\u00fcdsee-Quartier","description":"Genie\u00dfen Sie ihre Urlaub in vollen Z\u00fcgen","potentialAction":[{"@type":"SearchAction","target":{"@type":"EntryPoint","urlTemplate":"https:\/\/www.suedseequartier.de\/cz\/?s={search_term_string}"},"query-input":"required name=search_term_string"}],"inLanguage":"cs"},{"@type":"WebPage","@id":"https:\/\/www.suedseequartier.de\/cz\/byty\/#webpage","url":"https:\/\/www.suedseequartier.de\/cz\/byty\/","name":"Byty - S\u00fcdsee-Quartier","isPartOf":{"@id":"https:\/\/www.suedseequartier.de\/cz\/#website"},"datePublished":"2022-07-27T09:00:49+00:00","dateModified":"2022-07-27T09:00:57+00:00","breadcrumb":{"@id":"https:\/\/www.suedseequartier.de\/cz\/byty\/#breadcrumb"},"inLanguage":"cs","potentialAction":[{"@type":"ReadAction","target":["https:\/\/www.suedseequartier.de\/cz\/byty\/"]}]},{"@type":"BreadcrumbList","@id":"https:\/\/www.suedseequartier.de\/cz\/byty\/#breadcrumb","itemListElement":[{"@type":"ListItem","position":1,"name":"Startseite","item":"https:\/\/www.suedseequartier.de\/cz\/"},{"@type":"ListItem","position":2,"name":"Byty"}]}]}},"_links":{"self":[{"href":"https:\/\/www.suedseequartier.de\/cz\/wp-json\/wp\/v2\/pages\/411"}],"collection":[{"href":"https:\/\/www.suedseequartier.de\/cz\/wp-json\/wp\/v2\/pages"}],"about":[{"href":"https:\/\/www.suedseequartier.de\/cz\/wp-json\/wp\/v2\/types\/page"}],"author":[{"embeddable":true,"href":"https:\/\/www.suedseequartier.de\/cz\/wp-json\/wp\/v2\/users\/3"}],"replies":[{"embeddable":true,"href":"https:\/\/www.suedseequartier.de\/cz\/wp-json\/wp\/v2\/comments?post=411"}],"version-history":[{"count":1,"href":"https:\/\/www.suedseequartier.de\/cz\/wp-json\/wp\/v2\/pages\/411\/revisions"}],"predecessor-version":[{"id":414,"href":"https:\/\/www.suedseequartier.de\/cz\/wp-json\/wp\/v2\/pages\/411\/revisions\/414"}],"wp:attachment":[{"href":"https:\/\/www.suedseequartier.de\/cz\/wp-json\/wp\/v2\/media?parent=411"}],"curies":[{"name":"wp","href":"https:\/\/api.w.org\/{rel}","templated":true}]}}