{"id":407,"date":"2022-07-19T21:03:55","date_gmt":"2022-07-19T19:03:55","guid":{"rendered":"https:\/\/www.suedseequartier.de\/pl\/?page_id=407"},"modified":"2022-07-19T21:03:55","modified_gmt":"2022-07-19T19:03:55","slug":"cos-dla-koneserow","status":"publish","type":"page","link":"https:\/\/www.suedseequartier.de\/pl\/cos-dla-koneserow\/","title":{"rendered":"Co\u015b dla koneser\u00f3w"},"content":{"rendered":"","protected":false},"excerpt":{"rendered":"","protected":false},"author":3,"featured_media":0,"parent":0,"menu_order":0,"comment_status":"closed","ping_status":"closed","template":"","meta":[],"yoast_head":"<!-- This site is optimized with the Yoast SEO plugin v18.1 - https:\/\/yoast.com\/wordpress\/plugins\/seo\/ -->\n<title>Co\u015b dla koneser\u00f3w - S\u00fcdsee-Quartier<\/title>\n<meta name=\"robots\" content=\"index, follow, max-snippet:-1, max-image-preview:large, max-video-preview:-1\" \/>\n<link rel=\"canonical\" href=\"https:\/\/www.suedseequartier.de\/pl\/cos-dla-koneserow\/\" \/>\n<meta property=\"og:locale\" content=\"pl_PL\" \/>\n<meta property=\"og:type\" content=\"article\" \/>\n<meta property=\"og:title\" content=\"Co\u015b dla koneser\u00f3w - S\u00fcdsee-Quartier\" \/>\n<meta property=\"og:url\" content=\"https:\/\/www.suedseequartier.de\/pl\/cos-dla-koneserow\/\" \/>\n<meta property=\"og:site_name\" content=\"S\u00fcdsee-Quartier\" \/>\n<meta name=\"twitter:card\" content=\"summary_large_image\" \/>\n<script type=\"application\/ld+json\" class=\"yoast-schema-graph\">{\"@context\":\"https:\/\/schema.org\",\"@graph\":[{\"@type\":\"WebSite\",\"@id\":\"https:\/\/www.suedseequartier.de\/pl\/#website\",\"url\":\"https:\/\/www.suedseequartier.de\/pl\/\",\"name\":\"S\u00fcdsee-Quartier\",\"description\":\"Genie\u00dfen Sie ihre Urlaub in vollen Z\u00fcgen\",\"potentialAction\":[{\"@type\":\"SearchAction\",\"target\":{\"@type\":\"EntryPoint\",\"urlTemplate\":\"https:\/\/www.suedseequartier.de\/pl\/?s={search_term_string}\"},\"query-input\":\"required name=search_term_string\"}],\"inLanguage\":\"pl-PL\"},{\"@type\":\"WebPage\",\"@id\":\"https:\/\/www.suedseequartier.de\/pl\/cos-dla-koneserow\/#webpage\",\"url\":\"https:\/\/www.suedseequartier.de\/pl\/cos-dla-koneserow\/\",\"name\":\"Co\u015b dla koneser\u00f3w - S\u00fcdsee-Quartier\",\"isPartOf\":{\"@id\":\"https:\/\/www.suedseequartier.de\/pl\/#website\"},\"datePublished\":\"2022-07-19T19:03:55+00:00\",\"dateModified\":\"2022-07-19T19:03:55+00:00\",\"breadcrumb\":{\"@id\":\"https:\/\/www.suedseequartier.de\/pl\/cos-dla-koneserow\/#breadcrumb\"},\"inLanguage\":\"pl-PL\",\"potentialAction\":[{\"@type\":\"ReadAction\",\"target\":[\"https:\/\/www.suedseequartier.de\/pl\/cos-dla-koneserow\/\"]}]},{\"@type\":\"BreadcrumbList\",\"@id\":\"https:\/\/www.suedseequartier.de\/pl\/cos-dla-koneserow\/#breadcrumb\",\"itemListElement\":[{\"@type\":\"ListItem\",\"position\":1,\"name\":\"Startseite\",\"item\":\"https:\/\/www.suedseequartier.de\/pl\/\"},{\"@type\":\"ListItem\",\"position\":2,\"name\":\"Co\u015b dla koneser\u00f3w\"}]}]}<\/script>\n<!-- \/ Yoast SEO plugin. -->","yoast_head_json":{"title":"Co\u015b dla koneser\u00f3w - S\u00fcdsee-Quartier","robots":{"index":"index","follow":"follow","max-snippet":"max-snippet:-1","max-image-preview":"max-image-preview:large","max-video-preview":"max-video-preview:-1"},"canonical":"https:\/\/www.suedseequartier.de\/pl\/cos-dla-koneserow\/","og_locale":"pl_PL","og_type":"article","og_title":"Co\u015b dla koneser\u00f3w - S\u00fcdsee-Quartier","og_url":"https:\/\/www.suedseequartier.de\/pl\/cos-dla-koneserow\/","og_site_name":"S\u00fcdsee-Quartier","twitter_card":"summary_large_image","schema":{"@context":"https:\/\/schema.org","@graph":[{"@type":"WebSite","@id":"https:\/\/www.suedseequartier.de\/pl\/#website","url":"https:\/\/www.suedseequartier.de\/pl\/","name":"S\u00fcdsee-Quartier","description":"Genie\u00dfen Sie ihre Urlaub in vollen Z\u00fcgen","potentialAction":[{"@type":"SearchAction","target":{"@type":"EntryPoint","urlTemplate":"https:\/\/www.suedseequartier.de\/pl\/?s={search_term_string}"},"query-input":"required name=search_term_string"}],"inLanguage":"pl-PL"},{"@type":"WebPage","@id":"https:\/\/www.suedseequartier.de\/pl\/cos-dla-koneserow\/#webpage","url":"https:\/\/www.suedseequartier.de\/pl\/cos-dla-koneserow\/","name":"Co\u015b dla koneser\u00f3w - S\u00fcdsee-Quartier","isPartOf":{"@id":"https:\/\/www.suedseequartier.de\/pl\/#website"},"datePublished":"2022-07-19T19:03:55+00:00","dateModified":"2022-07-19T19:03:55+00:00","breadcrumb":{"@id":"https:\/\/www.suedseequartier.de\/pl\/cos-dla-koneserow\/#breadcrumb"},"inLanguage":"pl-PL","potentialAction":[{"@type":"ReadAction","target":["https:\/\/www.suedseequartier.de\/pl\/cos-dla-koneserow\/"]}]},{"@type":"BreadcrumbList","@id":"https:\/\/www.suedseequartier.de\/pl\/cos-dla-koneserow\/#breadcrumb","itemListElement":[{"@type":"ListItem","position":1,"name":"Startseite","item":"https:\/\/www.suedseequartier.de\/pl\/"},{"@type":"ListItem","position":2,"name":"Co\u015b dla koneser\u00f3w"}]}]}},"_links":{"self":[{"href":"https:\/\/www.suedseequartier.de\/pl\/wp-json\/wp\/v2\/pages\/407"}],"collection":[{"href":"https:\/\/www.suedseequartier.de\/pl\/wp-json\/wp\/v2\/pages"}],"about":[{"href":"https:\/\/www.suedseequartier.de\/pl\/wp-json\/wp\/v2\/types\/page"}],"author":[{"embeddable":true,"href":"https:\/\/www.suedseequartier.de\/pl\/wp-json\/wp\/v2\/users\/3"}],"replies":[{"embeddable":true,"href":"https:\/\/www.suedseequartier.de\/pl\/wp-json\/wp\/v2\/comments?post=407"}],"version-history":[{"count":1,"href":"https:\/\/www.suedseequartier.de\/pl\/wp-json\/wp\/v2\/pages\/407\/revisions"}],"predecessor-version":[{"id":408,"href":"https:\/\/www.suedseequartier.de\/pl\/wp-json\/wp\/v2\/pages\/407\/revisions\/408"}],"wp:attachment":[{"href":"https:\/\/www.suedseequartier.de\/pl\/wp-json\/wp\/v2\/media?parent=407"}],"curies":[{"name":"wp","href":"https:\/\/api.w.org\/{rel}","templated":true}]}}