{"id":410,"date":"2022-07-19T21:11:17","date_gmt":"2022-07-19T19:11:17","guid":{"rendered":"https:\/\/www.suedseequartier.de\/pl\/?page_id=410"},"modified":"2022-07-19T21:11:18","modified_gmt":"2022-07-19T19:11:18","slug":"u-nas-mozecie-sie-w-pelni-cieszyc-waszym-pobytem-w-naszej-okolicy","status":"publish","type":"page","link":"https:\/\/www.suedseequartier.de\/pl\/","title":{"rendered":"U nas mo\u017cecie si\u0119 w pe\u0142ni cieszy\u0107 Waszym pobytem w naszej okolicy"},"content":{"rendered":"\n<p>U nas jeziora ci\u0105gn\u0105 si\u0119 a\u017c po horyzonty, lecz nasz region Lausitzer Seenland ma wi\u0119cej do zaoferowania ni\u017c tylko wypoczynek nad sakso\u0144skimi jeziorami. Pobyt nad jeziorem w Senftenberg oznacza, \u017ce maj\u0105 Pa\u0144stwo wiele mo\u017cliwo\u015bci sp\u0119dzaj\u0105c u nas wolny czas, jak na przyk\u0142ad, wypoczynek na pla\u017cy, czy jazda na rowerze, pobyt w saunie oraz wiele wi\u0119cej. Nasz region nadaje si\u0119 r\u00f3wnie\u017c doskonale na wyjazdy rodzinne.<\/p>\n\n\n\n<h2>Nocleg w \u0142\u00f3\u017cku z drewna z limby sosnowej.<\/h2>\n\n\n\n<p>Niezale\u017cnie, czy to w apartemencie, czy w domku letniskowym,w kt\u00f3rych mog\u0105 Pa\u0144stwo przytulnie sp\u0119dza\u0107 wieczory w \u0142\u00f3\u017cku z limby sosnowej, gdzie nast\u0119pnego dnia mog\u0105 si\u0119 Pa\u0144stwo rozkoszowa\u0107 niepowtarzalnym zapachem, wydobywaj\u0105cego si\u0119 z tego te\u017c drewna. Rzut beretem znajduje si\u0119 Pojezierze \u0141u\u017cyckie (Lausitzer Seenland), gdzie swobodnie mo\u017cna dotrze\u0107 rowerem, oraz skorzysta\u0107 z zabieg\u00f3w odnowy biologicznej, jest to r\u00f3wnie\u017c idealne miejsce na rozpocz\u0119cie pe\u0142nego wra\u017ce\u0144 wypadu rodzinnego.<\/p>\n\n\n\n<h2>Wypoczynek nad wod\u0105 w regionie Lausitz<\/h2>\n\n\n\n<p>Jest to napewno niezwyk\u0142e prze\u017cycie p\u0142ywa\u0107 w jaskiniach, w kt\u00f3rej kiedy\u015b wydobywano glinit i kt\u00f3re czyni\u0105 ten region tak niepowtarzalnym. Natomiast je\u015bli wol\u0105 Pa\u0144stwo aktywnie odkrywa\u0107 nasz region , ni\u017c wypoczywa\u0107 nad wod\u0105, to nasz rejon ma do zaoferowania wiele \u015bcie\u017cek o &nbsp;d\u0142ugo\u015bci 194 kilometr\u00f3w, gdzie w sumie 16 jezior czeka na Pa\u0144stwa do odkrycia.<\/p>\n\n\n\n<p>Je\u015bli chcieliby Pa\u0144stwo wype\u0142ni\u0107 sw\u00f3j urlop rodzinny jazd\u0105 na rowerze, to czeka na Panstwa wiele przer\u00f3\u017cnych atrakcji turystycznych \u2013 zar\u00f3wno jak na \u015bwierzym powietrzu, jak i pod zadaszeniem. W miesi\u0105cach zimowo \u2013 jesiennych liczba dni deszczowych wynosi oko\u0142o 24, a wi\u0119c niema na co zwleka\u0107 ! Pi\u0119kne lato wype\u0142nione s\u0142oneczn\u0105 aur\u0105, oraz jeziora z b\u0142\u0119kitn\u0105 wod\u0105 czekaj\u0105 na Pa\u0144stwa pobyt.<\/p>\n\n\n\n<h2>S\u0142o\u0144ce, k\u0105piel w jeziorze, jazda na rowerze, oraz pobyt w naszej kawiarni i winiarni<\/h2>\n\n\n\n<p>I wiele wi\u0119cej !! Nasze domki letniskowe znajduj\u0105 si\u0119 w pi\u0119knej okolicy, niedaleko jeziora \u201eBlunoer S\u00fcdsee\u201d. Chcieliby\u015bmy r\u00f3wnie\u017c Pa\u0144stwu ma\u0142\u0105 wskaz\u00f3wk\u0119 przekaza\u0107, dla tych kt\u00f3rzy nie s\u0105 fanami jazdy na rowerze, \u017ce jezioro znajduje si\u0119 w niedalekiej okolicy od naszego objektu, wi\u0119c mog\u0105 Pa\u0144stwo w kr\u00f3tkim czasie t\u0105 tras\u0119. Na naszych \u201ema\u0142ych Go\u015bci\u201c czeka r\u00f3wnie\u017c stodo\u0142a pe\u0142na atrakacji. W pobli\u017cu stoj\u0105 do dyspozycji E- Bikes, oraz miejsce gdzie mo\u017cna je za\u0142adowa\u0107. Je\u015bli chcieliby Pa\u0144stwo wypr\u00f3bowa\u0107 naszych kulinarno\u015bci, to mog\u0105 si\u0119 Pa\u0144stwo ch\u0119tnie w naszej kawiarni lub winiarni rozgo\u015bci\u0107. Oboj\u0119tnie jak sobie Pa\u0144stwo zorganizuj\u0105 u nas sw\u00f3j czas, nasz region Saksonia dostarczy Pa\u0144stwu pe\u0142nie relaksu. Gwarantujemy, \u017ce u nas jest\u00a0 o wiele wi\u0119cej do zobaczenia ni\u017c tylko jeziora.<\/p>\n","protected":false},"excerpt":{"rendered":"<p>U nas jeziora ci\u0105gn\u0105 si\u0119 a\u017c po horyzonty, lecz nasz region Lausitzer Seenland ma wi\u0119cej do zaoferowania ni\u017c tylko wypoczynek &hellip; <\/p>\n<p class=\"link-more\"><a href=\"https:\/\/www.suedseequartier.de\/pl\/\" class=\"more-link\">Read more<span class=\"screen-reader-text\"> &#8222;U nas mo\u017cecie si\u0119 w pe\u0142ni cieszy\u0107 Waszym pobytem w naszej okolicy&#8221;<\/span><\/a><\/p>\n","protected":false},"author":3,"featured_media":0,"parent":0,"menu_order":0,"comment_status":"closed","ping_status":"closed","template":"","meta":[],"yoast_head":"<!-- This site is optimized with the Yoast SEO plugin v18.1 - https:\/\/yoast.com\/wordpress\/plugins\/seo\/ -->\n<title>U nas mo\u017cecie si\u0119 w pe\u0142ni cieszy\u0107 Waszym pobytem w naszej okolicy - S\u00fcdsee-Quartier<\/title>\n<meta name=\"robots\" content=\"index, follow, max-snippet:-1, max-image-preview:large, max-video-preview:-1\" \/>\n<link rel=\"canonical\" href=\"https:\/\/www.suedseequartier.de\/pl\/\" \/>\n<meta property=\"og:locale\" content=\"pl_PL\" \/>\n<meta property=\"og:type\" content=\"article\" \/>\n<meta property=\"og:title\" content=\"U nas mo\u017cecie si\u0119 w pe\u0142ni cieszy\u0107 Waszym pobytem w naszej okolicy - S\u00fcdsee-Quartier\" \/>\n<meta property=\"og:description\" content=\"U nas jeziora ci\u0105gn\u0105 si\u0119 a\u017c po horyzonty, lecz nasz region Lausitzer Seenland ma wi\u0119cej do zaoferowania ni\u017c tylko wypoczynek &hellip; Read more &quot;U nas mo\u017cecie si\u0119 w pe\u0142ni cieszy\u0107 Waszym pobytem w naszej okolicy&quot;\" \/>\n<meta property=\"og:url\" content=\"https:\/\/www.suedseequartier.de\/pl\/\" \/>\n<meta property=\"og:site_name\" content=\"S\u00fcdsee-Quartier\" \/>\n<meta property=\"article:modified_time\" content=\"2022-07-19T19:11:18+00:00\" \/>\n<meta name=\"twitter:card\" content=\"summary_large_image\" \/>\n<meta name=\"twitter:label1\" content=\"Szacowany czas czytania\" \/>\n\t<meta name=\"twitter:data1\" content=\"3 minuty\" \/>\n<script type=\"application\/ld+json\" class=\"yoast-schema-graph\">{\"@context\":\"https:\/\/schema.org\",\"@graph\":[{\"@type\":\"WebSite\",\"@id\":\"https:\/\/www.suedseequartier.de\/pl\/#website\",\"url\":\"https:\/\/www.suedseequartier.de\/pl\/\",\"name\":\"S\u00fcdsee-Quartier\",\"description\":\"Genie\u00dfen Sie ihre Urlaub in vollen Z\u00fcgen\",\"potentialAction\":[{\"@type\":\"SearchAction\",\"target\":{\"@type\":\"EntryPoint\",\"urlTemplate\":\"https:\/\/www.suedseequartier.de\/pl\/?s={search_term_string}\"},\"query-input\":\"required name=search_term_string\"}],\"inLanguage\":\"pl-PL\"},{\"@type\":\"WebPage\",\"@id\":\"https:\/\/www.suedseequartier.de\/pl\/#webpage\",\"url\":\"https:\/\/www.suedseequartier.de\/pl\/\",\"name\":\"U nas mo\u017cecie si\u0119 w pe\u0142ni cieszy\u0107 Waszym pobytem w naszej okolicy - S\u00fcdsee-Quartier\",\"isPartOf\":{\"@id\":\"https:\/\/www.suedseequartier.de\/pl\/#website\"},\"datePublished\":\"2022-07-19T19:11:17+00:00\",\"dateModified\":\"2022-07-19T19:11:18+00:00\",\"breadcrumb\":{\"@id\":\"https:\/\/www.suedseequartier.de\/pl\/#breadcrumb\"},\"inLanguage\":\"pl-PL\",\"potentialAction\":[{\"@type\":\"ReadAction\",\"target\":[\"https:\/\/www.suedseequartier.de\/pl\/\"]}]},{\"@type\":\"BreadcrumbList\",\"@id\":\"https:\/\/www.suedseequartier.de\/pl\/#breadcrumb\",\"itemListElement\":[{\"@type\":\"ListItem\",\"position\":1,\"name\":\"Startseite\",\"item\":\"https:\/\/www.suedseequartier.de\/pl\/\"},{\"@type\":\"ListItem\",\"position\":2,\"name\":\"U nas mo\u017cecie si\u0119 w pe\u0142ni cieszy\u0107 Waszym pobytem w naszej okolicy\"}]}]}<\/script>\n<!-- \/ Yoast SEO plugin. -->","yoast_head_json":{"title":"U nas mo\u017cecie si\u0119 w pe\u0142ni cieszy\u0107 Waszym pobytem w naszej okolicy - S\u00fcdsee-Quartier","robots":{"index":"index","follow":"follow","max-snippet":"max-snippet:-1","max-image-preview":"max-image-preview:large","max-video-preview":"max-video-preview:-1"},"canonical":"https:\/\/www.suedseequartier.de\/pl\/","og_locale":"pl_PL","og_type":"article","og_title":"U nas mo\u017cecie si\u0119 w pe\u0142ni cieszy\u0107 Waszym pobytem w naszej okolicy - S\u00fcdsee-Quartier","og_description":"U nas jeziora ci\u0105gn\u0105 si\u0119 a\u017c po horyzonty, lecz nasz region Lausitzer Seenland ma wi\u0119cej do zaoferowania ni\u017c tylko wypoczynek &hellip; Read more \"U nas mo\u017cecie si\u0119 w pe\u0142ni cieszy\u0107 Waszym pobytem w naszej okolicy\"","og_url":"https:\/\/www.suedseequartier.de\/pl\/","og_site_name":"S\u00fcdsee-Quartier","article_modified_time":"2022-07-19T19:11:18+00:00","twitter_card":"summary_large_image","twitter_misc":{"Szacowany czas czytania":"3 minuty"},"schema":{"@context":"https:\/\/schema.org","@graph":[{"@type":"WebSite","@id":"https:\/\/www.suedseequartier.de\/pl\/#website","url":"https:\/\/www.suedseequartier.de\/pl\/","name":"S\u00fcdsee-Quartier","description":"Genie\u00dfen Sie ihre Urlaub in vollen Z\u00fcgen","potentialAction":[{"@type":"SearchAction","target":{"@type":"EntryPoint","urlTemplate":"https:\/\/www.suedseequartier.de\/pl\/?s={search_term_string}"},"query-input":"required name=search_term_string"}],"inLanguage":"pl-PL"},{"@type":"WebPage","@id":"https:\/\/www.suedseequartier.de\/pl\/#webpage","url":"https:\/\/www.suedseequartier.de\/pl\/","name":"U nas mo\u017cecie si\u0119 w pe\u0142ni cieszy\u0107 Waszym pobytem w naszej okolicy - S\u00fcdsee-Quartier","isPartOf":{"@id":"https:\/\/www.suedseequartier.de\/pl\/#website"},"datePublished":"2022-07-19T19:11:17+00:00","dateModified":"2022-07-19T19:11:18+00:00","breadcrumb":{"@id":"https:\/\/www.suedseequartier.de\/pl\/#breadcrumb"},"inLanguage":"pl-PL","potentialAction":[{"@type":"ReadAction","target":["https:\/\/www.suedseequartier.de\/pl\/"]}]},{"@type":"BreadcrumbList","@id":"https:\/\/www.suedseequartier.de\/pl\/#breadcrumb","itemListElement":[{"@type":"ListItem","position":1,"name":"Startseite","item":"https:\/\/www.suedseequartier.de\/pl\/"},{"@type":"ListItem","position":2,"name":"U nas mo\u017cecie si\u0119 w pe\u0142ni cieszy\u0107 Waszym pobytem w naszej okolicy"}]}]}},"_links":{"self":[{"href":"https:\/\/www.suedseequartier.de\/pl\/wp-json\/wp\/v2\/pages\/410"}],"collection":[{"href":"https:\/\/www.suedseequartier.de\/pl\/wp-json\/wp\/v2\/pages"}],"about":[{"href":"https:\/\/www.suedseequartier.de\/pl\/wp-json\/wp\/v2\/types\/page"}],"author":[{"embeddable":true,"href":"https:\/\/www.suedseequartier.de\/pl\/wp-json\/wp\/v2\/users\/3"}],"replies":[{"embeddable":true,"href":"https:\/\/www.suedseequartier.de\/pl\/wp-json\/wp\/v2\/comments?post=410"}],"version-history":[{"count":2,"href":"https:\/\/www.suedseequartier.de\/pl\/wp-json\/wp\/v2\/pages\/410\/revisions"}],"predecessor-version":[{"id":412,"href":"https:\/\/www.suedseequartier.de\/pl\/wp-json\/wp\/v2\/pages\/410\/revisions\/412"}],"wp:attachment":[{"href":"https:\/\/www.suedseequartier.de\/pl\/wp-json\/wp\/v2\/media?parent=410"}],"curies":[{"name":"wp","href":"https:\/\/api.w.org\/{rel}","templated":true}]}}