{"id":413,"date":"2022-07-19T21:24:13","date_gmt":"2022-07-19T19:24:13","guid":{"rendered":"https:\/\/www.suedseequartier.de\/pl\/?page_id=413"},"modified":"2022-07-19T21:25:59","modified_gmt":"2022-07-19T19:25:59","slug":"nasza-winiarnia","status":"publish","type":"page","link":"https:\/\/www.suedseequartier.de\/pl\/nasza-winiarnia\/","title":{"rendered":"Nasza winiarnia"},"content":{"rendered":"\n<h2>Wino, wino i jeszcze raz wino \u2013 Wino to nie od\u0142\u0105czny towaszysz podczas udanego urlopu<\/h2>\n\n\n\n<p>Bia\u0142e albo czerwone? Wysoko gatunkowe o wyrazistym aromacie? Cyz mo\u017ce te\u017c lekko s\u0142odkie owocowe? A mo\u017ce za\u017cycz\u0105 sobie Pa\u0144stwo te regionalne lub europejskie? O to jest pytanie&#8230; ale prawda jest tylko jedna \u2013 wyb\u00f3r win mamy ogromny!&nbsp;<\/p>\n\n\n\n<p>\u201eIn vino veritas\u201d \u2013 w winie prawda. O tym m\u00f3wi\u0142 ju\u017c w staro\u017cytno\u015bci Alkaios z greckiej wyspy Lesbos, \u017ce ka\u017cda wypita kropla wina zbli\u017ca nas do prawdy. Z wlasnego do\u015bwiadczenia wiemy, \u017ce nawet zdeklarowani mi\u0142o\u015bnicy*czki bia\u0142ego wina nie pogardzili naszym czerwonym winem. Kto wie? Mo\u017ce prze\u0142ami\u0105 Pa\u0144stwo swoje nawyki, je\u015bli chodzi o wino i spr\u00f3buj\u0105 czego\u015b z owocow\u0105 nut\u0105, lub poznaj\u0105 Pa\u0144stwo miejsce produkcji wina, poczas degustowania wina.&nbsp;<\/p>\n\n\n\n<p>Gdzie, jak i kiedy si\u0119 to odbywa? Odpowied\u017a jest prosta &#8211; podczas spokojnej wieczornej pory mog\u0105 Pa\u0144stwo odwiedzi\u0107 nasz\u0105 winiarnie, w kt\u00f3rej b\u0119d\u0105 mie\u0107 Pa\u0144stwo okazje wej\u015b\u0107 do specjalnie sklepionej piwnicy, a nast\u0119pnie skosztowa\u0107 nasze winne trunki. Ma\u0142ego pocz\u0119stunku w postaci chlebka z szyneczk\u0105 i serem oczywi\u015bcie nie mo\u017ce zabrakn\u0105\u0107. U nas mo\u017cna zg\u0119bi\u0107 wiedz\u0119, je\u015bli chodzi o rodzaje win, lub odkry\u0107 nowe smaki win, kt\u00f3rych jeszcze nigdy nie mieli\u015bcie okazji spr\u00f3bowa\u0107. A wi\u0119c drogi Go\u015bciu, b\u0105d\u017a otwarty na nowe doznania, smaki win, oraz postrzegania winna z innej perspektywy. Przytaczaj\u0105c swoja jednego m\u0119drcy z dalekiego wschodu, a mianowicie Dalai \u2013 Lamy&nbsp;&nbsp;&nbsp;&nbsp; &nbsp;\u201e jed\u017a raz w roku w to miejsce, gdzie nigdy w \u017cyciu jeszcze nie by\u0142e\u015b\u201c. My troch\u0119 zmienili\u015bmy to jak\u017ce m\u0105dre przys\u0142owie i smormuowali\u015bmy w\u0142asne: \u201e Spr\u00f3buj raz w roku tego wina, kt\u00f3rego jeszcze nigdy nie mia\u0142es okazji skosztowa\u0107. Zapewniamy, \u017ce nasza winiarnia jest idealnym miejscem do tego. Wszystko co Pa\u0144stwa podniebieniu sprawi\u0142o rozkoszy, mog\u0105 Pa\u0144stwo zam\u00f3wi\u0107 te wina, a my dostarczymy je do Pa\u0144stwa Quartier lub poprostu do domu. Jak sobie zarzyczycie. Go\u015bcie, kt\u00f3rzy solo wol\u0105 delektowa\u0107 si\u0119 winem, dostarczymy je tak\u017ce do apartamentu. Nawet wczasie rodzinnych wypad\u00f3w, nie stoi nic na przeszkodzie degustowa\u0107 kilka kropelkami gatunkowo dobrego wina&#8230; Prost, Cheers, Na zdrowie, a mo\u017ce chc\u0105 Pa\u0144stwo skin\u0105\u0107 lampk\u0119 wina w kierunku innym Go\u015bciom, u nas wszystkie formy nawi\u0105zywania kontakt\u00f3w s\u0105 dozwolone.<\/p>\n\n\n\n<p>\u017byczymy Pa\u0144stwu samych pi\u0119knych sp\u0119dzonych chwil, podczas Waszego pobytu w \u201eS\u00fcdseequartier\u201c<\/p>\n","protected":false},"excerpt":{"rendered":"<p>Wino, wino i jeszcze raz wino \u2013 Wino to nie od\u0142\u0105czny towaszysz podczas udanego urlopu Bia\u0142e albo czerwone? Wysoko gatunkowe &hellip; <\/p>\n<p class=\"link-more\"><a href=\"https:\/\/www.suedseequartier.de\/pl\/nasza-winiarnia\/\" class=\"more-link\">Read more<span class=\"screen-reader-text\"> &#8222;Nasza winiarnia&#8221;<\/span><\/a><\/p>\n","protected":false},"author":3,"featured_media":393,"parent":0,"menu_order":0,"comment_status":"closed","ping_status":"closed","template":"","meta":[],"yoast_head":"<!-- This site is optimized with the Yoast SEO plugin v18.1 - https:\/\/yoast.com\/wordpress\/plugins\/seo\/ -->\n<title>Nasza winiarnia - S\u00fcdsee-Quartier<\/title>\n<meta name=\"robots\" content=\"index, follow, max-snippet:-1, max-image-preview:large, max-video-preview:-1\" \/>\n<link rel=\"canonical\" href=\"https:\/\/www.suedseequartier.de\/pl\/nasza-winiarnia\/\" \/>\n<meta property=\"og:locale\" content=\"pl_PL\" \/>\n<meta property=\"og:type\" content=\"article\" \/>\n<meta property=\"og:title\" content=\"Nasza winiarnia - S\u00fcdsee-Quartier\" \/>\n<meta property=\"og:description\" content=\"Wino, wino i jeszcze raz wino \u2013 Wino to nie od\u0142\u0105czny towaszysz podczas udanego urlopu Bia\u0142e albo czerwone? Wysoko gatunkowe &hellip; Read more &quot;Nasza winiarnia&quot;\" \/>\n<meta property=\"og:url\" content=\"https:\/\/www.suedseequartier.de\/pl\/nasza-winiarnia\/\" \/>\n<meta property=\"og:site_name\" content=\"S\u00fcdsee-Quartier\" \/>\n<meta property=\"article:modified_time\" content=\"2022-07-19T19:25:59+00:00\" \/>\n<meta property=\"og:image\" content=\"https:\/\/www.suedseequartier.de\/pl\/wp-content\/uploads\/sites\/4\/2022\/02\/Weindepot.jpeg\" \/>\n\t<meta property=\"og:image:width\" content=\"2500\" \/>\n\t<meta property=\"og:image:height\" content=\"1666\" \/>\n\t<meta property=\"og:image:type\" content=\"image\/jpeg\" \/>\n<meta name=\"twitter:card\" content=\"summary_large_image\" \/>\n<meta name=\"twitter:label1\" content=\"Szacowany czas czytania\" \/>\n\t<meta name=\"twitter:data1\" content=\"3 minuty\" \/>\n<script type=\"application\/ld+json\" class=\"yoast-schema-graph\">{\"@context\":\"https:\/\/schema.org\",\"@graph\":[{\"@type\":\"WebSite\",\"@id\":\"https:\/\/www.suedseequartier.de\/pl\/#website\",\"url\":\"https:\/\/www.suedseequartier.de\/pl\/\",\"name\":\"S\u00fcdsee-Quartier\",\"description\":\"Genie\u00dfen Sie ihre Urlaub in vollen Z\u00fcgen\",\"potentialAction\":[{\"@type\":\"SearchAction\",\"target\":{\"@type\":\"EntryPoint\",\"urlTemplate\":\"https:\/\/www.suedseequartier.de\/pl\/?s={search_term_string}\"},\"query-input\":\"required name=search_term_string\"}],\"inLanguage\":\"pl-PL\"},{\"@type\":\"ImageObject\",\"@id\":\"https:\/\/www.suedseequartier.de\/pl\/nasza-winiarnia\/#primaryimage\",\"inLanguage\":\"pl-PL\",\"url\":\"https:\/\/www.suedseequartier.de\/pl\/wp-content\/uploads\/sites\/4\/2022\/02\/Weindepot.jpeg\",\"contentUrl\":\"https:\/\/www.suedseequartier.de\/pl\/wp-content\/uploads\/sites\/4\/2022\/02\/Weindepot.jpeg\",\"width\":2500,\"height\":1666},{\"@type\":\"WebPage\",\"@id\":\"https:\/\/www.suedseequartier.de\/pl\/nasza-winiarnia\/#webpage\",\"url\":\"https:\/\/www.suedseequartier.de\/pl\/nasza-winiarnia\/\",\"name\":\"Nasza winiarnia - S\u00fcdsee-Quartier\",\"isPartOf\":{\"@id\":\"https:\/\/www.suedseequartier.de\/pl\/#website\"},\"primaryImageOfPage\":{\"@id\":\"https:\/\/www.suedseequartier.de\/pl\/nasza-winiarnia\/#primaryimage\"},\"datePublished\":\"2022-07-19T19:24:13+00:00\",\"dateModified\":\"2022-07-19T19:25:59+00:00\",\"breadcrumb\":{\"@id\":\"https:\/\/www.suedseequartier.de\/pl\/nasza-winiarnia\/#breadcrumb\"},\"inLanguage\":\"pl-PL\",\"potentialAction\":[{\"@type\":\"ReadAction\",\"target\":[\"https:\/\/www.suedseequartier.de\/pl\/nasza-winiarnia\/\"]}]},{\"@type\":\"BreadcrumbList\",\"@id\":\"https:\/\/www.suedseequartier.de\/pl\/nasza-winiarnia\/#breadcrumb\",\"itemListElement\":[{\"@type\":\"ListItem\",\"position\":1,\"name\":\"Startseite\",\"item\":\"https:\/\/www.suedseequartier.de\/pl\/\"},{\"@type\":\"ListItem\",\"position\":2,\"name\":\"Nasza winiarnia\"}]}]}<\/script>\n<!-- \/ Yoast SEO plugin. -->","yoast_head_json":{"title":"Nasza winiarnia - S\u00fcdsee-Quartier","robots":{"index":"index","follow":"follow","max-snippet":"max-snippet:-1","max-image-preview":"max-image-preview:large","max-video-preview":"max-video-preview:-1"},"canonical":"https:\/\/www.suedseequartier.de\/pl\/nasza-winiarnia\/","og_locale":"pl_PL","og_type":"article","og_title":"Nasza winiarnia - S\u00fcdsee-Quartier","og_description":"Wino, wino i jeszcze raz wino \u2013 Wino to nie od\u0142\u0105czny towaszysz podczas udanego urlopu Bia\u0142e albo czerwone? Wysoko gatunkowe &hellip; Read more \"Nasza winiarnia\"","og_url":"https:\/\/www.suedseequartier.de\/pl\/nasza-winiarnia\/","og_site_name":"S\u00fcdsee-Quartier","article_modified_time":"2022-07-19T19:25:59+00:00","og_image":[{"width":2500,"height":1666,"url":"https:\/\/www.suedseequartier.de\/pl\/wp-content\/uploads\/sites\/4\/2022\/02\/Weindepot.jpeg","type":"image\/jpeg"}],"twitter_card":"summary_large_image","twitter_misc":{"Szacowany czas czytania":"3 minuty"},"schema":{"@context":"https:\/\/schema.org","@graph":[{"@type":"WebSite","@id":"https:\/\/www.suedseequartier.de\/pl\/#website","url":"https:\/\/www.suedseequartier.de\/pl\/","name":"S\u00fcdsee-Quartier","description":"Genie\u00dfen Sie ihre Urlaub in vollen Z\u00fcgen","potentialAction":[{"@type":"SearchAction","target":{"@type":"EntryPoint","urlTemplate":"https:\/\/www.suedseequartier.de\/pl\/?s={search_term_string}"},"query-input":"required name=search_term_string"}],"inLanguage":"pl-PL"},{"@type":"ImageObject","@id":"https:\/\/www.suedseequartier.de\/pl\/nasza-winiarnia\/#primaryimage","inLanguage":"pl-PL","url":"https:\/\/www.suedseequartier.de\/pl\/wp-content\/uploads\/sites\/4\/2022\/02\/Weindepot.jpeg","contentUrl":"https:\/\/www.suedseequartier.de\/pl\/wp-content\/uploads\/sites\/4\/2022\/02\/Weindepot.jpeg","width":2500,"height":1666},{"@type":"WebPage","@id":"https:\/\/www.suedseequartier.de\/pl\/nasza-winiarnia\/#webpage","url":"https:\/\/www.suedseequartier.de\/pl\/nasza-winiarnia\/","name":"Nasza winiarnia - S\u00fcdsee-Quartier","isPartOf":{"@id":"https:\/\/www.suedseequartier.de\/pl\/#website"},"primaryImageOfPage":{"@id":"https:\/\/www.suedseequartier.de\/pl\/nasza-winiarnia\/#primaryimage"},"datePublished":"2022-07-19T19:24:13+00:00","dateModified":"2022-07-19T19:25:59+00:00","breadcrumb":{"@id":"https:\/\/www.suedseequartier.de\/pl\/nasza-winiarnia\/#breadcrumb"},"inLanguage":"pl-PL","potentialAction":[{"@type":"ReadAction","target":["https:\/\/www.suedseequartier.de\/pl\/nasza-winiarnia\/"]}]},{"@type":"BreadcrumbList","@id":"https:\/\/www.suedseequartier.de\/pl\/nasza-winiarnia\/#breadcrumb","itemListElement":[{"@type":"ListItem","position":1,"name":"Startseite","item":"https:\/\/www.suedseequartier.de\/pl\/"},{"@type":"ListItem","position":2,"name":"Nasza winiarnia"}]}]}},"_links":{"self":[{"href":"https:\/\/www.suedseequartier.de\/pl\/wp-json\/wp\/v2\/pages\/413"}],"collection":[{"href":"https:\/\/www.suedseequartier.de\/pl\/wp-json\/wp\/v2\/pages"}],"about":[{"href":"https:\/\/www.suedseequartier.de\/pl\/wp-json\/wp\/v2\/types\/page"}],"author":[{"embeddable":true,"href":"https:\/\/www.suedseequartier.de\/pl\/wp-json\/wp\/v2\/users\/3"}],"replies":[{"embeddable":true,"href":"https:\/\/www.suedseequartier.de\/pl\/wp-json\/wp\/v2\/comments?post=413"}],"version-history":[{"count":2,"href":"https:\/\/www.suedseequartier.de\/pl\/wp-json\/wp\/v2\/pages\/413\/revisions"}],"predecessor-version":[{"id":415,"href":"https:\/\/www.suedseequartier.de\/pl\/wp-json\/wp\/v2\/pages\/413\/revisions\/415"}],"wp:featuredmedia":[{"embeddable":true,"href":"https:\/\/www.suedseequartier.de\/pl\/wp-json\/wp\/v2\/media\/393"}],"wp:attachment":[{"href":"https:\/\/www.suedseequartier.de\/pl\/wp-json\/wp\/v2\/media?parent=413"}],"curies":[{"name":"wp","href":"https:\/\/api.w.org\/{rel}","templated":true}]}}