{"id":416,"date":"2022-07-19T21:27:29","date_gmt":"2022-07-19T19:27:29","guid":{"rendered":"https:\/\/www.suedseequartier.de\/pl\/?page_id=416"},"modified":"2022-07-19T21:27:29","modified_gmt":"2022-07-19T19:27:29","slug":"nasza-kawiarnia","status":"publish","type":"page","link":"https:\/\/www.suedseequartier.de\/pl\/nasza-kawiarnia\/","title":{"rendered":"Nasza kawiarnia"},"content":{"rendered":"\n<h2>Kawa, ciasta, oraz wiele innych pyszno\u015bci czekaj\u0105 na Pa\u0144stwa<\/h2>\n\n\n\n<p>Jakby wygl\u0105da\u0142 urlop bez wybornego, obfitego, pe\u0142nowarto\u015bciowego \u015bniadania? Naszym zdaniem taki urlop nie by\u0142by w pe\u0142ni udany.W naszej ma\u0142ej ale jak\u017ce przytulnej kawiarence, kt\u00f3ra nale\u017cy do naszego objektu turystycznego, serwujemy nie tylko \u015bniadania. Dajmy na to, \u017ce chc\u0105 Pa\u0144stwo sp\u0119dzi\u0107 mi\u0142o i przytulnie popo\u0142udnie pij\u0105c ogrzewaj\u0105ce cappuccino, albo w upalny dzie\u0144 och\u0142odzi\u0107 si\u0119 wielosmakowymi ga\u0142kami loda. Mog\u0105 to sobie ju\u017c Pa\u0144stwo wyobrazi\u0107 ten smak \u015bwie\u017cych, chrupi\u0105cych bu\u0142eczek, to uczucie podczas picia kawy z piank\u0105, zimma lemoniada koj\u0105ca pragnenie, albo ten widok ton\u0105cej \u0142y\u017ceczki w rozpuszczaj\u0105cej si\u0119 ga\u0142ce lodu?&nbsp;<\/p>\n\n\n\n<p>Nabrali Pa\u0144sto ju\u017c apetytu? Co mog\u0119 Pa\u0144stwu poda\u0107 &#8230;? Zapewniamy, \u017ce dokonanie wyboru dania nie b\u0119dzie \u0142atwe,no chyba \u017ce b\u0119dziecie nas cz\u0119\u015bciej odwiedza\u0107 to b\u0119dziecie mogli mie\u0107 t\u0105 okazj\u0119 pe\u0142ni wypr\u00f3bowa\u0107 kart\u0119 naszych smako\u0142yk\u00f3w. My jeste\u015bmy zdania, \u017ce podczas naprawd\u0119 pi\u0119knego urlopu nie powinny\u015bmy sobie niczego sobie odradza\u0107. Liczenie kalorii zostawcie w domu! Ucieknijcie od szarej \u017ceczywisto\u015bci i rozsmakujcie si\u0119 w naszych delicjach.&nbsp;<\/p>\n\n\n\n<p>Co by\u0142oby to za lato bez zapalenia sobie ogniska w \u0142onie natury? No, z pewno\u015bci\u0105 nieby\u0142o by to lato w pe\u0142ni udane. W\u0142a\u015bnie dlatego od czasu do czasu organizujemy ogniska, podczas kt\u00f3rego grilujemy r\u00f3\u017cnego rodzaju smako\u0142yki. Pozw\u00f3lcie sobie na jak\u017ce mi\u0142e zako\u0144czenie dnia podczas wsp\u00f3lnego grillowania.<\/p>\n\n\n\n<p>Wyposa\u017cenie naszych domk\u00f3w letniskowych to r\u00f3wnie\u017c uczta dla oczu.&nbsp; Materia\u0142y naturalne, z kt\u00f3rych powsta\u0142o wyposa\u017cenie naszej kawiarenki sprawia bardzo szarmanck\u0105 atmosfer\u0119. U nas maj\u0105 Pa\u0144stwo r\u00f3wnie\u017c t\u0105 mo\u017cliwo\u015b\u0107 rozkoszowania si\u0119 naszymi kulinarnymi specjalo\u015bciami w specjalnie oszklononym pawilionie.<\/p>\n\n\n\n<p>Jak ju\u017c wspomnieli\u015bmy: kawiarenka nale\u017cy do naszego objektu letniskowego, gdzie mo\u017cna si\u0119 rozgo\u015bci\u0107 ( jako alternatyw\u0119 oferujemy \u015bniadanie do pokoju \u2013 w koszyczku \u015bniadaniowym) . Jak na fajn\u0105, przytuln\u0105 kawiarenk\u0119 przysta\u0142o, u nas jest to te\u017c miejsce gdzie go\u015bcie si\u0119 spotykaj\u0105, oraz istnieje czasem mo\u017cliwo\u015b\u0107 spotkania gospodarzy tego miejsca.<\/p>\n\n\n\n<p>Mi\u0142o b\u0119dzie nam Pa\u0144stwa u nas go\u015bci\u0107!<\/p>\n","protected":false},"excerpt":{"rendered":"<p>Kawa, ciasta, oraz wiele innych pyszno\u015bci czekaj\u0105 na Pa\u0144stwa Jakby wygl\u0105da\u0142 urlop bez wybornego, obfitego, pe\u0142nowarto\u015bciowego \u015bniadania? Naszym zdaniem taki &hellip; <\/p>\n<p class=\"link-more\"><a href=\"https:\/\/www.suedseequartier.de\/pl\/nasza-kawiarnia\/\" class=\"more-link\">Read more<span class=\"screen-reader-text\"> &#8222;Nasza kawiarnia&#8221;<\/span><\/a><\/p>\n","protected":false},"author":3,"featured_media":385,"parent":0,"menu_order":0,"comment_status":"closed","ping_status":"closed","template":"","meta":[],"yoast_head":"<!-- This site is optimized with the Yoast SEO plugin v18.1 - https:\/\/yoast.com\/wordpress\/plugins\/seo\/ -->\n<title>Nasza kawiarnia - S\u00fcdsee-Quartier<\/title>\n<meta name=\"robots\" content=\"index, follow, max-snippet:-1, max-image-preview:large, max-video-preview:-1\" \/>\n<link rel=\"canonical\" href=\"https:\/\/www.suedseequartier.de\/pl\/nasza-kawiarnia\/\" \/>\n<meta property=\"og:locale\" content=\"pl_PL\" \/>\n<meta property=\"og:type\" content=\"article\" \/>\n<meta property=\"og:title\" content=\"Nasza kawiarnia - S\u00fcdsee-Quartier\" \/>\n<meta property=\"og:description\" content=\"Kawa, ciasta, oraz wiele innych pyszno\u015bci czekaj\u0105 na Pa\u0144stwa Jakby wygl\u0105da\u0142 urlop bez wybornego, obfitego, pe\u0142nowarto\u015bciowego \u015bniadania? Naszym zdaniem taki &hellip; Read more &quot;Nasza kawiarnia&quot;\" \/>\n<meta property=\"og:url\" content=\"https:\/\/www.suedseequartier.de\/pl\/nasza-kawiarnia\/\" \/>\n<meta property=\"og:site_name\" content=\"S\u00fcdsee-Quartier\" \/>\n<meta property=\"og:image\" content=\"https:\/\/www.suedseequartier.de\/pl\/wp-content\/uploads\/sites\/4\/2022\/02\/Cafe.jpeg\" \/>\n\t<meta property=\"og:image:width\" content=\"2500\" \/>\n\t<meta property=\"og:image:height\" content=\"1666\" \/>\n\t<meta property=\"og:image:type\" content=\"image\/jpeg\" \/>\n<meta name=\"twitter:card\" content=\"summary_large_image\" \/>\n<meta name=\"twitter:label1\" content=\"Szacowany czas czytania\" \/>\n\t<meta name=\"twitter:data1\" content=\"2 minuty\" \/>\n<script type=\"application\/ld+json\" class=\"yoast-schema-graph\">{\"@context\":\"https:\/\/schema.org\",\"@graph\":[{\"@type\":\"WebSite\",\"@id\":\"https:\/\/www.suedseequartier.de\/pl\/#website\",\"url\":\"https:\/\/www.suedseequartier.de\/pl\/\",\"name\":\"S\u00fcdsee-Quartier\",\"description\":\"Genie\u00dfen Sie ihre Urlaub in vollen Z\u00fcgen\",\"potentialAction\":[{\"@type\":\"SearchAction\",\"target\":{\"@type\":\"EntryPoint\",\"urlTemplate\":\"https:\/\/www.suedseequartier.de\/pl\/?s={search_term_string}\"},\"query-input\":\"required name=search_term_string\"}],\"inLanguage\":\"pl-PL\"},{\"@type\":\"ImageObject\",\"@id\":\"https:\/\/www.suedseequartier.de\/pl\/nasza-kawiarnia\/#primaryimage\",\"inLanguage\":\"pl-PL\",\"url\":\"https:\/\/www.suedseequartier.de\/pl\/wp-content\/uploads\/sites\/4\/2022\/02\/Cafe.jpeg\",\"contentUrl\":\"https:\/\/www.suedseequartier.de\/pl\/wp-content\/uploads\/sites\/4\/2022\/02\/Cafe.jpeg\",\"width\":2500,\"height\":1666},{\"@type\":\"WebPage\",\"@id\":\"https:\/\/www.suedseequartier.de\/pl\/nasza-kawiarnia\/#webpage\",\"url\":\"https:\/\/www.suedseequartier.de\/pl\/nasza-kawiarnia\/\",\"name\":\"Nasza kawiarnia - S\u00fcdsee-Quartier\",\"isPartOf\":{\"@id\":\"https:\/\/www.suedseequartier.de\/pl\/#website\"},\"primaryImageOfPage\":{\"@id\":\"https:\/\/www.suedseequartier.de\/pl\/nasza-kawiarnia\/#primaryimage\"},\"datePublished\":\"2022-07-19T19:27:29+00:00\",\"dateModified\":\"2022-07-19T19:27:29+00:00\",\"breadcrumb\":{\"@id\":\"https:\/\/www.suedseequartier.de\/pl\/nasza-kawiarnia\/#breadcrumb\"},\"inLanguage\":\"pl-PL\",\"potentialAction\":[{\"@type\":\"ReadAction\",\"target\":[\"https:\/\/www.suedseequartier.de\/pl\/nasza-kawiarnia\/\"]}]},{\"@type\":\"BreadcrumbList\",\"@id\":\"https:\/\/www.suedseequartier.de\/pl\/nasza-kawiarnia\/#breadcrumb\",\"itemListElement\":[{\"@type\":\"ListItem\",\"position\":1,\"name\":\"Startseite\",\"item\":\"https:\/\/www.suedseequartier.de\/pl\/\"},{\"@type\":\"ListItem\",\"position\":2,\"name\":\"Nasza kawiarnia\"}]}]}<\/script>\n<!-- \/ Yoast SEO plugin. -->","yoast_head_json":{"title":"Nasza kawiarnia - S\u00fcdsee-Quartier","robots":{"index":"index","follow":"follow","max-snippet":"max-snippet:-1","max-image-preview":"max-image-preview:large","max-video-preview":"max-video-preview:-1"},"canonical":"https:\/\/www.suedseequartier.de\/pl\/nasza-kawiarnia\/","og_locale":"pl_PL","og_type":"article","og_title":"Nasza kawiarnia - S\u00fcdsee-Quartier","og_description":"Kawa, ciasta, oraz wiele innych pyszno\u015bci czekaj\u0105 na Pa\u0144stwa Jakby wygl\u0105da\u0142 urlop bez wybornego, obfitego, pe\u0142nowarto\u015bciowego \u015bniadania? Naszym zdaniem taki &hellip; Read more \"Nasza kawiarnia\"","og_url":"https:\/\/www.suedseequartier.de\/pl\/nasza-kawiarnia\/","og_site_name":"S\u00fcdsee-Quartier","og_image":[{"width":2500,"height":1666,"url":"https:\/\/www.suedseequartier.de\/pl\/wp-content\/uploads\/sites\/4\/2022\/02\/Cafe.jpeg","type":"image\/jpeg"}],"twitter_card":"summary_large_image","twitter_misc":{"Szacowany czas czytania":"2 minuty"},"schema":{"@context":"https:\/\/schema.org","@graph":[{"@type":"WebSite","@id":"https:\/\/www.suedseequartier.de\/pl\/#website","url":"https:\/\/www.suedseequartier.de\/pl\/","name":"S\u00fcdsee-Quartier","description":"Genie\u00dfen Sie ihre Urlaub in vollen Z\u00fcgen","potentialAction":[{"@type":"SearchAction","target":{"@type":"EntryPoint","urlTemplate":"https:\/\/www.suedseequartier.de\/pl\/?s={search_term_string}"},"query-input":"required name=search_term_string"}],"inLanguage":"pl-PL"},{"@type":"ImageObject","@id":"https:\/\/www.suedseequartier.de\/pl\/nasza-kawiarnia\/#primaryimage","inLanguage":"pl-PL","url":"https:\/\/www.suedseequartier.de\/pl\/wp-content\/uploads\/sites\/4\/2022\/02\/Cafe.jpeg","contentUrl":"https:\/\/www.suedseequartier.de\/pl\/wp-content\/uploads\/sites\/4\/2022\/02\/Cafe.jpeg","width":2500,"height":1666},{"@type":"WebPage","@id":"https:\/\/www.suedseequartier.de\/pl\/nasza-kawiarnia\/#webpage","url":"https:\/\/www.suedseequartier.de\/pl\/nasza-kawiarnia\/","name":"Nasza kawiarnia - S\u00fcdsee-Quartier","isPartOf":{"@id":"https:\/\/www.suedseequartier.de\/pl\/#website"},"primaryImageOfPage":{"@id":"https:\/\/www.suedseequartier.de\/pl\/nasza-kawiarnia\/#primaryimage"},"datePublished":"2022-07-19T19:27:29+00:00","dateModified":"2022-07-19T19:27:29+00:00","breadcrumb":{"@id":"https:\/\/www.suedseequartier.de\/pl\/nasza-kawiarnia\/#breadcrumb"},"inLanguage":"pl-PL","potentialAction":[{"@type":"ReadAction","target":["https:\/\/www.suedseequartier.de\/pl\/nasza-kawiarnia\/"]}]},{"@type":"BreadcrumbList","@id":"https:\/\/www.suedseequartier.de\/pl\/nasza-kawiarnia\/#breadcrumb","itemListElement":[{"@type":"ListItem","position":1,"name":"Startseite","item":"https:\/\/www.suedseequartier.de\/pl\/"},{"@type":"ListItem","position":2,"name":"Nasza kawiarnia"}]}]}},"_links":{"self":[{"href":"https:\/\/www.suedseequartier.de\/pl\/wp-json\/wp\/v2\/pages\/416"}],"collection":[{"href":"https:\/\/www.suedseequartier.de\/pl\/wp-json\/wp\/v2\/pages"}],"about":[{"href":"https:\/\/www.suedseequartier.de\/pl\/wp-json\/wp\/v2\/types\/page"}],"author":[{"embeddable":true,"href":"https:\/\/www.suedseequartier.de\/pl\/wp-json\/wp\/v2\/users\/3"}],"replies":[{"embeddable":true,"href":"https:\/\/www.suedseequartier.de\/pl\/wp-json\/wp\/v2\/comments?post=416"}],"version-history":[{"count":1,"href":"https:\/\/www.suedseequartier.de\/pl\/wp-json\/wp\/v2\/pages\/416\/revisions"}],"predecessor-version":[{"id":417,"href":"https:\/\/www.suedseequartier.de\/pl\/wp-json\/wp\/v2\/pages\/416\/revisions\/417"}],"wp:featuredmedia":[{"embeddable":true,"href":"https:\/\/www.suedseequartier.de\/pl\/wp-json\/wp\/v2\/media\/385"}],"wp:attachment":[{"href":"https:\/\/www.suedseequartier.de\/pl\/wp-json\/wp\/v2\/media?parent=416"}],"curies":[{"name":"wp","href":"https:\/\/api.w.org\/{rel}","templated":true}]}}