{"id":421,"date":"2022-07-19T21:33:46","date_gmt":"2022-07-19T19:33:46","guid":{"rendered":"https:\/\/www.suedseequartier.de\/pl\/?page_id=421"},"modified":"2022-07-19T21:33:46","modified_gmt":"2022-07-19T19:33:46","slug":"okolica","status":"publish","type":"page","link":"https:\/\/www.suedseequartier.de\/pl\/okolica\/","title":{"rendered":"Okolica"},"content":{"rendered":"\n<h2><strong>Wasz urlop mo\u017ce by\u0107 tak bardzo r\u00f3\u017cnorodny, jak r\u00f3\u017cnorodno\u015b\u0107 jest tej okolicy&#8230;.<\/strong><\/h2>\n\n\n\n<p>Wszystko to co wam urlop ma do zaoferowania zale\u017cy w du\u017cej mierzy od tego, jakimi atrakcjami turystycznymi si\u0119 dany region mo\u017ce pochwali\u0107. Naturalnie wszystko zale\u017cy to od waszych preferencji sp\u0119dzania wolnego czasu, oraz jakiego rodzaju atrakcje Was interesuj\u0105. Sp\u0119dzanie wolnego czasu w Lausitz w naszych apartamentach letniskowych o nazwie \u201eS\u00fcdseequartier\u201d dla wielu os\u00f3b to ju\u017c tradycja. Obszerna oferta tego miejsca nie ogranicza si\u0119 tylko na pluskaniu si\u0119 w jeziorze. Jeste\u015bmy tego pewni, \u017ce ju\u017c przed wyjazdem b\u0119dziecie mogli skompletowa\u0107 swoj\u0105\u00a0 \u201elist\u0119 to do\u201d. Niniejszym chcieliby\u015bmy si\u0119 Wam przedstawi\u0107 nast\u0119puj\u0105ce sugestie.<\/p>\n\n\n\n<h2>Nigdzie czego\u015b podobnego nie znajdziecie<\/h2>\n\n\n\n<p>Jest to niew\u0105tpliwie kulturowo niepowtarzalne miejsce, w kt\u00f3rym dwie grupy folklorystyczne, a mianowicie Sorbian, oraz \u0141u\u017cynian, kt\u00f3re nigdzie jak u nas charmonizuj\u0105 si\u0119 ze sob\u0105, oraz kt\u00f3rych \u0142\u0105czy r\u00f3wnie\u017c wsp\u00f3lna historia. Legenda o Krabatach jest jednym z takich przyk\u0142ad\u00f3w. Konkretnie mo\u017cna j\u0105 uchwyci\u0107 podczas wizyty w Krabatm\u00fchle w Schwarzkollm, gdzie opr\u00f3cz przedstawie\u0144 filmu fabularnego Krabat z 2008 r. Oferowane s\u0105 r\u00f3wnie\u017c serbskie zwyczaje, zwiedzanie odbudowanego m\u0142yna, a nawet smako\u0142yki kulinarne, takie jak ma\u015blanka-plastyka. W innym zak\u0105tku Lausitz znajduje si\u0119 Muzeum Konrada Zuse w Hoyerswerdzie, gdzie odkryj\u0105 Pa\u0144stwo histori\u0119 tamtejszego przemys\u0142u, a dok\u0142adniej m\u00f3wi\u0105c mo\u017cna si\u0119 tam dopowiedzie\u0107 jak technologia komputerowa w tam kr\u00f3tkim si\u0119 rozwin\u0119\u0142a.<\/p>\n\n\n\n<h2>\u201eWysoko, wy\u017cej, najwy\u017cej\u201d \u2013 U nas te\u017c mo\u017cna si\u0119 wspina\u0107!<\/h2>\n\n\n\n<p>W miejscowo\u015bci Lichterfeld czeka koparka odkrywkowa \u201eAbraumf\u00f6rderbr\u00fccke F60\u201e na odkrycie turyst\u00f3w. Ten pomnik historyczny, upami\u0119tniaj\u0105cy tamtejszy przemys\u0142 ci\u0119\u017cki, innymi s\u0142owy jest gigantyczna maszyna, kt\u00f3ra kiedy\u015b w\u0119giel brunatny wydobywa\u0142a z g\u0142\u0119bi ziemi. Aktualnie s\u0142u\u017cy do miejsce jako miejsce na r\u00f3\u017cnego rodzaju eventy, festiwale. Mo\u017cliwo\u015b\u0107 zwiedzania tego obiektu jest oczywi\u015bcie zawsze dozwolona. W razie gdyby pogoda nie nadawa\u0142a by si\u0119 na k\u0105piel w jeziorze, to maj\u0105 Pa\u0144stwo szeroki wyb\u00f3r \u015bcie\u017cek rowerowych si\u0119gaj\u0105cych nawet ponad sto kilometr\u00f3w, podczas kt\u00f3rych mog\u0105 Pa\u0144stwo np. zwiedzi\u0107 wie\u017c\u0119 widokow\u0105 \u201eRostiger Nagel\u201c znajduj\u0105ca si\u0119 nad jeziorem Sedlitzer See. Ta oto wie\u017ca ma 30 metr\u00f3w wysoko\u015bci, oraz na kt\u00f3r\u0105 mo\u017cna wejs\u0107 po schodach i podziwia\u0107 t\u0105 pi\u0119kn\u0105 okolic\u0119.<\/p>\n\n\n\n<h2>Oczywi\u015bcie lista atrakcji turystycznych na tym si\u0119 nie ko\u0144czy\u00a0<\/h2>\n\n\n\n<p>Oczywi\u015bcie szeroka oferta atrakcji turystycznych nie koncentruje si\u0119 tylko na tym co jest wok\u00f3\u0142 jezior. Opr\u00f3cz naszego po\u0142udniowego jeziora w pobli\u017cu my\u015blimy o Senftenberger See i zesp\u00f3\u0142 turystyczny wok\u00f3\u0142 latarni morskiej w Geierswalde, z saun\u0105, restauracj\u0105, barem i \u201eBootsHaus\u201d jako miejsce spotka\u0144 towarzyskich z wi\u0119kszymi grupami. Twoje zakwaterowanie w regionie stanie si\u0119 punktem centralnym wszystkich tych atrakcji. Jako w\u0142a\u015bciciel apartamentu Lausitz am S\u00fcdseequartier mo\u017cemy r\u00f3wnie\u017c wskaza\u0107 inne miejsca w okolicy, kt\u00f3re odpowiadaj\u0105 Pa\u0144stwa osobistym zainteresowaniom i nie wszystkie mog\u0105 znale\u017a\u0107 si\u0119 tutaj<\/p>\n","protected":false},"excerpt":{"rendered":"<p>Wasz urlop mo\u017ce by\u0107 tak bardzo r\u00f3\u017cnorodny, jak r\u00f3\u017cnorodno\u015b\u0107 jest tej okolicy&#8230;. Wszystko to co wam urlop ma do zaoferowania &hellip; <\/p>\n<p class=\"link-more\"><a href=\"https:\/\/www.suedseequartier.de\/pl\/okolica\/\" class=\"more-link\">Read more<span class=\"screen-reader-text\"> &#8222;Okolica&#8221;<\/span><\/a><\/p>\n","protected":false},"author":3,"featured_media":422,"parent":0,"menu_order":0,"comment_status":"closed","ping_status":"closed","template":"","meta":[],"yoast_head":"<!-- This site is optimized with the Yoast SEO plugin v18.1 - https:\/\/yoast.com\/wordpress\/plugins\/seo\/ -->\n<title>Okolica - S\u00fcdsee-Quartier<\/title>\n<meta name=\"robots\" content=\"index, follow, max-snippet:-1, max-image-preview:large, max-video-preview:-1\" \/>\n<link rel=\"canonical\" href=\"https:\/\/www.suedseequartier.de\/pl\/okolica\/\" \/>\n<meta property=\"og:locale\" content=\"pl_PL\" \/>\n<meta property=\"og:type\" content=\"article\" \/>\n<meta property=\"og:title\" content=\"Okolica - S\u00fcdsee-Quartier\" \/>\n<meta property=\"og:description\" content=\"Wasz urlop mo\u017ce by\u0107 tak bardzo r\u00f3\u017cnorodny, jak r\u00f3\u017cnorodno\u015b\u0107 jest tej okolicy&#8230;. Wszystko to co wam urlop ma do zaoferowania &hellip; Read more &quot;Okolica&quot;\" \/>\n<meta property=\"og:url\" content=\"https:\/\/www.suedseequartier.de\/pl\/okolica\/\" \/>\n<meta property=\"og:site_name\" content=\"S\u00fcdsee-Quartier\" \/>\n<meta property=\"og:image\" content=\"https:\/\/www.suedseequartier.de\/pl\/wp-content\/uploads\/sites\/4\/2022\/07\/Die_Umgebung-1.jpeg\" \/>\n\t<meta property=\"og:image:width\" content=\"2000\" \/>\n\t<meta property=\"og:image:height\" content=\"1305\" \/>\n\t<meta property=\"og:image:type\" content=\"image\/jpeg\" \/>\n<meta name=\"twitter:card\" content=\"summary_large_image\" \/>\n<meta name=\"twitter:label1\" content=\"Szacowany czas czytania\" \/>\n\t<meta name=\"twitter:data1\" content=\"3 minuty\" \/>\n<script type=\"application\/ld+json\" class=\"yoast-schema-graph\">{\"@context\":\"https:\/\/schema.org\",\"@graph\":[{\"@type\":\"WebSite\",\"@id\":\"https:\/\/www.suedseequartier.de\/pl\/#website\",\"url\":\"https:\/\/www.suedseequartier.de\/pl\/\",\"name\":\"S\u00fcdsee-Quartier\",\"description\":\"Genie\u00dfen Sie ihre Urlaub in vollen Z\u00fcgen\",\"potentialAction\":[{\"@type\":\"SearchAction\",\"target\":{\"@type\":\"EntryPoint\",\"urlTemplate\":\"https:\/\/www.suedseequartier.de\/pl\/?s={search_term_string}\"},\"query-input\":\"required name=search_term_string\"}],\"inLanguage\":\"pl-PL\"},{\"@type\":\"ImageObject\",\"@id\":\"https:\/\/www.suedseequartier.de\/pl\/okolica\/#primaryimage\",\"inLanguage\":\"pl-PL\",\"url\":\"https:\/\/www.suedseequartier.de\/pl\/wp-content\/uploads\/sites\/4\/2022\/07\/Die_Umgebung-1.jpeg\",\"contentUrl\":\"https:\/\/www.suedseequartier.de\/pl\/wp-content\/uploads\/sites\/4\/2022\/07\/Die_Umgebung-1.jpeg\",\"width\":2000,\"height\":1305},{\"@type\":\"WebPage\",\"@id\":\"https:\/\/www.suedseequartier.de\/pl\/okolica\/#webpage\",\"url\":\"https:\/\/www.suedseequartier.de\/pl\/okolica\/\",\"name\":\"Okolica - S\u00fcdsee-Quartier\",\"isPartOf\":{\"@id\":\"https:\/\/www.suedseequartier.de\/pl\/#website\"},\"primaryImageOfPage\":{\"@id\":\"https:\/\/www.suedseequartier.de\/pl\/okolica\/#primaryimage\"},\"datePublished\":\"2022-07-19T19:33:46+00:00\",\"dateModified\":\"2022-07-19T19:33:46+00:00\",\"breadcrumb\":{\"@id\":\"https:\/\/www.suedseequartier.de\/pl\/okolica\/#breadcrumb\"},\"inLanguage\":\"pl-PL\",\"potentialAction\":[{\"@type\":\"ReadAction\",\"target\":[\"https:\/\/www.suedseequartier.de\/pl\/okolica\/\"]}]},{\"@type\":\"BreadcrumbList\",\"@id\":\"https:\/\/www.suedseequartier.de\/pl\/okolica\/#breadcrumb\",\"itemListElement\":[{\"@type\":\"ListItem\",\"position\":1,\"name\":\"Startseite\",\"item\":\"https:\/\/www.suedseequartier.de\/pl\/\"},{\"@type\":\"ListItem\",\"position\":2,\"name\":\"Okolica\"}]}]}<\/script>\n<!-- \/ Yoast SEO plugin. -->","yoast_head_json":{"title":"Okolica - S\u00fcdsee-Quartier","robots":{"index":"index","follow":"follow","max-snippet":"max-snippet:-1","max-image-preview":"max-image-preview:large","max-video-preview":"max-video-preview:-1"},"canonical":"https:\/\/www.suedseequartier.de\/pl\/okolica\/","og_locale":"pl_PL","og_type":"article","og_title":"Okolica - S\u00fcdsee-Quartier","og_description":"Wasz urlop mo\u017ce by\u0107 tak bardzo r\u00f3\u017cnorodny, jak r\u00f3\u017cnorodno\u015b\u0107 jest tej okolicy&#8230;. Wszystko to co wam urlop ma do zaoferowania &hellip; Read more \"Okolica\"","og_url":"https:\/\/www.suedseequartier.de\/pl\/okolica\/","og_site_name":"S\u00fcdsee-Quartier","og_image":[{"width":2000,"height":1305,"url":"https:\/\/www.suedseequartier.de\/pl\/wp-content\/uploads\/sites\/4\/2022\/07\/Die_Umgebung-1.jpeg","type":"image\/jpeg"}],"twitter_card":"summary_large_image","twitter_misc":{"Szacowany czas czytania":"3 minuty"},"schema":{"@context":"https:\/\/schema.org","@graph":[{"@type":"WebSite","@id":"https:\/\/www.suedseequartier.de\/pl\/#website","url":"https:\/\/www.suedseequartier.de\/pl\/","name":"S\u00fcdsee-Quartier","description":"Genie\u00dfen Sie ihre Urlaub in vollen Z\u00fcgen","potentialAction":[{"@type":"SearchAction","target":{"@type":"EntryPoint","urlTemplate":"https:\/\/www.suedseequartier.de\/pl\/?s={search_term_string}"},"query-input":"required name=search_term_string"}],"inLanguage":"pl-PL"},{"@type":"ImageObject","@id":"https:\/\/www.suedseequartier.de\/pl\/okolica\/#primaryimage","inLanguage":"pl-PL","url":"https:\/\/www.suedseequartier.de\/pl\/wp-content\/uploads\/sites\/4\/2022\/07\/Die_Umgebung-1.jpeg","contentUrl":"https:\/\/www.suedseequartier.de\/pl\/wp-content\/uploads\/sites\/4\/2022\/07\/Die_Umgebung-1.jpeg","width":2000,"height":1305},{"@type":"WebPage","@id":"https:\/\/www.suedseequartier.de\/pl\/okolica\/#webpage","url":"https:\/\/www.suedseequartier.de\/pl\/okolica\/","name":"Okolica - S\u00fcdsee-Quartier","isPartOf":{"@id":"https:\/\/www.suedseequartier.de\/pl\/#website"},"primaryImageOfPage":{"@id":"https:\/\/www.suedseequartier.de\/pl\/okolica\/#primaryimage"},"datePublished":"2022-07-19T19:33:46+00:00","dateModified":"2022-07-19T19:33:46+00:00","breadcrumb":{"@id":"https:\/\/www.suedseequartier.de\/pl\/okolica\/#breadcrumb"},"inLanguage":"pl-PL","potentialAction":[{"@type":"ReadAction","target":["https:\/\/www.suedseequartier.de\/pl\/okolica\/"]}]},{"@type":"BreadcrumbList","@id":"https:\/\/www.suedseequartier.de\/pl\/okolica\/#breadcrumb","itemListElement":[{"@type":"ListItem","position":1,"name":"Startseite","item":"https:\/\/www.suedseequartier.de\/pl\/"},{"@type":"ListItem","position":2,"name":"Okolica"}]}]}},"_links":{"self":[{"href":"https:\/\/www.suedseequartier.de\/pl\/wp-json\/wp\/v2\/pages\/421"}],"collection":[{"href":"https:\/\/www.suedseequartier.de\/pl\/wp-json\/wp\/v2\/pages"}],"about":[{"href":"https:\/\/www.suedseequartier.de\/pl\/wp-json\/wp\/v2\/types\/page"}],"author":[{"embeddable":true,"href":"https:\/\/www.suedseequartier.de\/pl\/wp-json\/wp\/v2\/users\/3"}],"replies":[{"embeddable":true,"href":"https:\/\/www.suedseequartier.de\/pl\/wp-json\/wp\/v2\/comments?post=421"}],"version-history":[{"count":1,"href":"https:\/\/www.suedseequartier.de\/pl\/wp-json\/wp\/v2\/pages\/421\/revisions"}],"predecessor-version":[{"id":423,"href":"https:\/\/www.suedseequartier.de\/pl\/wp-json\/wp\/v2\/pages\/421\/revisions\/423"}],"wp:featuredmedia":[{"embeddable":true,"href":"https:\/\/www.suedseequartier.de\/pl\/wp-json\/wp\/v2\/media\/422"}],"wp:attachment":[{"href":"https:\/\/www.suedseequartier.de\/pl\/wp-json\/wp\/v2\/media?parent=421"}],"curies":[{"name":"wp","href":"https:\/\/api.w.org\/{rel}","templated":true}]}}