{"id":439,"date":"2022-07-19T22:06:39","date_gmt":"2022-07-19T20:06:39","guid":{"rendered":"https:\/\/www.suedseequartier.de\/pl\/?page_id=439"},"modified":"2022-07-19T22:07:25","modified_gmt":"2022-07-19T20:07:25","slug":"apartamenty","status":"publish","type":"page","link":"https:\/\/www.suedseequartier.de\/pl\/apartamenty\/","title":{"rendered":"Apartamenty"},"content":{"rendered":"\n<p>Ka\u017cdy apartament jest wyj\u0105tkowy i zosta\u0142 zaprojektowany z wielk\u0105 dba\u0142o\u015bci\u0105 o szczeg\u00f3\u0142y. Szczeg\u00f3lnie wa\u017cne by\u0142o dla nas, aby wszystkie apartamenty otrzyma\u0142y jak najwi\u0119cej \u015bwiat\u0142a, dzi\u0119ki czemu do pomieszczenia wpada dodatkowa jasno\u015b\u0107, a \u015bwi\u0119ta zyskuj\u0105 lekko\u015b\u0107. Powinna by\u0107 orze\u017awiaj\u0105c\u0105 oaz\u0105 dla duszy, a codzienno\u015b\u0107 powinna pozosta\u0107 na zewn\u0105trz.<\/p>\n\n\n\n<p>Wszystkie apartamenty s\u0105 dla niepal\u0105cych i mog\u0105 by\u0107 klimatyzowane w lecie.<\/p>\n\n\n\n<p>Przet\u0142umaczono z www.DeepL.com\/Translator (wersja darmowa)<\/p>\n","protected":false},"excerpt":{"rendered":"<p>Ka\u017cdy apartament jest wyj\u0105tkowy i zosta\u0142 zaprojektowany z wielk\u0105 dba\u0142o\u015bci\u0105 o szczeg\u00f3\u0142y. Szczeg\u00f3lnie wa\u017cne by\u0142o dla nas, aby wszystkie apartamenty &hellip; <\/p>\n<p class=\"link-more\"><a href=\"https:\/\/www.suedseequartier.de\/pl\/apartamenty\/\" class=\"more-link\">Read more<span class=\"screen-reader-text\"> &#8222;Apartamenty&#8221;<\/span><\/a><\/p>\n","protected":false},"author":3,"featured_media":441,"parent":0,"menu_order":0,"comment_status":"closed","ping_status":"closed","template":"","meta":[],"yoast_head":"<!-- This site is optimized with the Yoast SEO plugin v18.1 - https:\/\/yoast.com\/wordpress\/plugins\/seo\/ -->\n<title>Apartamenty - S\u00fcdsee-Quartier<\/title>\n<meta name=\"robots\" content=\"index, follow, max-snippet:-1, max-image-preview:large, max-video-preview:-1\" \/>\n<link rel=\"canonical\" href=\"https:\/\/www.suedseequartier.de\/pl\/apartamenty\/\" \/>\n<meta property=\"og:locale\" content=\"pl_PL\" \/>\n<meta property=\"og:type\" content=\"article\" \/>\n<meta property=\"og:title\" content=\"Apartamenty - S\u00fcdsee-Quartier\" \/>\n<meta property=\"og:description\" content=\"Ka\u017cdy apartament jest wyj\u0105tkowy i zosta\u0142 zaprojektowany z wielk\u0105 dba\u0142o\u015bci\u0105 o szczeg\u00f3\u0142y. Szczeg\u00f3lnie wa\u017cne by\u0142o dla nas, aby wszystkie apartamenty &hellip; Read more &quot;Apartamenty&quot;\" \/>\n<meta property=\"og:url\" content=\"https:\/\/www.suedseequartier.de\/pl\/apartamenty\/\" \/>\n<meta property=\"og:site_name\" content=\"S\u00fcdsee-Quartier\" \/>\n<meta property=\"article:modified_time\" content=\"2022-07-19T20:07:25+00:00\" \/>\n<meta property=\"og:image\" content=\"https:\/\/www.suedseequartier.de\/pl\/wp-content\/uploads\/sites\/4\/2022\/07\/Appartement.jpeg\" \/>\n\t<meta property=\"og:image:width\" content=\"2000\" \/>\n\t<meta property=\"og:image:height\" content=\"1333\" \/>\n\t<meta property=\"og:image:type\" content=\"image\/jpeg\" \/>\n<meta name=\"twitter:card\" content=\"summary_large_image\" \/>\n<meta name=\"twitter:label1\" content=\"Szacowany czas czytania\" \/>\n\t<meta name=\"twitter:data1\" content=\"1 minuta\" \/>\n<script type=\"application\/ld+json\" class=\"yoast-schema-graph\">{\"@context\":\"https:\/\/schema.org\",\"@graph\":[{\"@type\":\"WebSite\",\"@id\":\"https:\/\/www.suedseequartier.de\/pl\/#website\",\"url\":\"https:\/\/www.suedseequartier.de\/pl\/\",\"name\":\"S\u00fcdsee-Quartier\",\"description\":\"Genie\u00dfen Sie ihre Urlaub in vollen Z\u00fcgen\",\"potentialAction\":[{\"@type\":\"SearchAction\",\"target\":{\"@type\":\"EntryPoint\",\"urlTemplate\":\"https:\/\/www.suedseequartier.de\/pl\/?s={search_term_string}\"},\"query-input\":\"required name=search_term_string\"}],\"inLanguage\":\"pl-PL\"},{\"@type\":\"ImageObject\",\"@id\":\"https:\/\/www.suedseequartier.de\/pl\/apartamenty\/#primaryimage\",\"inLanguage\":\"pl-PL\",\"url\":\"https:\/\/www.suedseequartier.de\/pl\/wp-content\/uploads\/sites\/4\/2022\/07\/Appartement.jpeg\",\"contentUrl\":\"https:\/\/www.suedseequartier.de\/pl\/wp-content\/uploads\/sites\/4\/2022\/07\/Appartement.jpeg\",\"width\":2000,\"height\":1333},{\"@type\":\"WebPage\",\"@id\":\"https:\/\/www.suedseequartier.de\/pl\/apartamenty\/#webpage\",\"url\":\"https:\/\/www.suedseequartier.de\/pl\/apartamenty\/\",\"name\":\"Apartamenty - S\u00fcdsee-Quartier\",\"isPartOf\":{\"@id\":\"https:\/\/www.suedseequartier.de\/pl\/#website\"},\"primaryImageOfPage\":{\"@id\":\"https:\/\/www.suedseequartier.de\/pl\/apartamenty\/#primaryimage\"},\"datePublished\":\"2022-07-19T20:06:39+00:00\",\"dateModified\":\"2022-07-19T20:07:25+00:00\",\"breadcrumb\":{\"@id\":\"https:\/\/www.suedseequartier.de\/pl\/apartamenty\/#breadcrumb\"},\"inLanguage\":\"pl-PL\",\"potentialAction\":[{\"@type\":\"ReadAction\",\"target\":[\"https:\/\/www.suedseequartier.de\/pl\/apartamenty\/\"]}]},{\"@type\":\"BreadcrumbList\",\"@id\":\"https:\/\/www.suedseequartier.de\/pl\/apartamenty\/#breadcrumb\",\"itemListElement\":[{\"@type\":\"ListItem\",\"position\":1,\"name\":\"Startseite\",\"item\":\"https:\/\/www.suedseequartier.de\/pl\/\"},{\"@type\":\"ListItem\",\"position\":2,\"name\":\"Apartamenty\"}]}]}<\/script>\n<!-- \/ Yoast SEO plugin. -->","yoast_head_json":{"title":"Apartamenty - S\u00fcdsee-Quartier","robots":{"index":"index","follow":"follow","max-snippet":"max-snippet:-1","max-image-preview":"max-image-preview:large","max-video-preview":"max-video-preview:-1"},"canonical":"https:\/\/www.suedseequartier.de\/pl\/apartamenty\/","og_locale":"pl_PL","og_type":"article","og_title":"Apartamenty - S\u00fcdsee-Quartier","og_description":"Ka\u017cdy apartament jest wyj\u0105tkowy i zosta\u0142 zaprojektowany z wielk\u0105 dba\u0142o\u015bci\u0105 o szczeg\u00f3\u0142y. Szczeg\u00f3lnie wa\u017cne by\u0142o dla nas, aby wszystkie apartamenty &hellip; Read more \"Apartamenty\"","og_url":"https:\/\/www.suedseequartier.de\/pl\/apartamenty\/","og_site_name":"S\u00fcdsee-Quartier","article_modified_time":"2022-07-19T20:07:25+00:00","og_image":[{"width":2000,"height":1333,"url":"https:\/\/www.suedseequartier.de\/pl\/wp-content\/uploads\/sites\/4\/2022\/07\/Appartement.jpeg","type":"image\/jpeg"}],"twitter_card":"summary_large_image","twitter_misc":{"Szacowany czas czytania":"1 minuta"},"schema":{"@context":"https:\/\/schema.org","@graph":[{"@type":"WebSite","@id":"https:\/\/www.suedseequartier.de\/pl\/#website","url":"https:\/\/www.suedseequartier.de\/pl\/","name":"S\u00fcdsee-Quartier","description":"Genie\u00dfen Sie ihre Urlaub in vollen Z\u00fcgen","potentialAction":[{"@type":"SearchAction","target":{"@type":"EntryPoint","urlTemplate":"https:\/\/www.suedseequartier.de\/pl\/?s={search_term_string}"},"query-input":"required name=search_term_string"}],"inLanguage":"pl-PL"},{"@type":"ImageObject","@id":"https:\/\/www.suedseequartier.de\/pl\/apartamenty\/#primaryimage","inLanguage":"pl-PL","url":"https:\/\/www.suedseequartier.de\/pl\/wp-content\/uploads\/sites\/4\/2022\/07\/Appartement.jpeg","contentUrl":"https:\/\/www.suedseequartier.de\/pl\/wp-content\/uploads\/sites\/4\/2022\/07\/Appartement.jpeg","width":2000,"height":1333},{"@type":"WebPage","@id":"https:\/\/www.suedseequartier.de\/pl\/apartamenty\/#webpage","url":"https:\/\/www.suedseequartier.de\/pl\/apartamenty\/","name":"Apartamenty - S\u00fcdsee-Quartier","isPartOf":{"@id":"https:\/\/www.suedseequartier.de\/pl\/#website"},"primaryImageOfPage":{"@id":"https:\/\/www.suedseequartier.de\/pl\/apartamenty\/#primaryimage"},"datePublished":"2022-07-19T20:06:39+00:00","dateModified":"2022-07-19T20:07:25+00:00","breadcrumb":{"@id":"https:\/\/www.suedseequartier.de\/pl\/apartamenty\/#breadcrumb"},"inLanguage":"pl-PL","potentialAction":[{"@type":"ReadAction","target":["https:\/\/www.suedseequartier.de\/pl\/apartamenty\/"]}]},{"@type":"BreadcrumbList","@id":"https:\/\/www.suedseequartier.de\/pl\/apartamenty\/#breadcrumb","itemListElement":[{"@type":"ListItem","position":1,"name":"Startseite","item":"https:\/\/www.suedseequartier.de\/pl\/"},{"@type":"ListItem","position":2,"name":"Apartamenty"}]}]}},"_links":{"self":[{"href":"https:\/\/www.suedseequartier.de\/pl\/wp-json\/wp\/v2\/pages\/439"}],"collection":[{"href":"https:\/\/www.suedseequartier.de\/pl\/wp-json\/wp\/v2\/pages"}],"about":[{"href":"https:\/\/www.suedseequartier.de\/pl\/wp-json\/wp\/v2\/types\/page"}],"author":[{"embeddable":true,"href":"https:\/\/www.suedseequartier.de\/pl\/wp-json\/wp\/v2\/users\/3"}],"replies":[{"embeddable":true,"href":"https:\/\/www.suedseequartier.de\/pl\/wp-json\/wp\/v2\/comments?post=439"}],"version-history":[{"count":1,"href":"https:\/\/www.suedseequartier.de\/pl\/wp-json\/wp\/v2\/pages\/439\/revisions"}],"predecessor-version":[{"id":440,"href":"https:\/\/www.suedseequartier.de\/pl\/wp-json\/wp\/v2\/pages\/439\/revisions\/440"}],"wp:featuredmedia":[{"embeddable":true,"href":"https:\/\/www.suedseequartier.de\/pl\/wp-json\/wp\/v2\/media\/441"}],"wp:attachment":[{"href":"https:\/\/www.suedseequartier.de\/pl\/wp-json\/wp\/v2\/media?parent=439"}],"curies":[{"name":"wp","href":"https:\/\/api.w.org\/{rel}","templated":true}]}}